{"id":13886,"date":"2019-11-26T15:10:20","date_gmt":"2019-11-26T14:10:20","guid":{"rendered":"https:\/\/www.schickler.de\/karriere\/?page_id=13886"},"modified":"2025-09-03T11:20:53","modified_gmt":"2025-09-03T09:20:53","slug":"consultant","status":"publish","type":"page","link":"https:\/\/www.schickler.de\/karriere\/index.php\/consultant\/","title":{"rendered":"Consultant"},"content":{"rendered":"<p><div class=\"fusion-fullwidth fullwidth-box fusion-builder-row-1 fusion-flex-container nonhundred-percent-fullwidth non-hundred-percent-height-scrolling\" style=\"--awb-border-radius-top-left:0px;--awb-border-radius-top-right:0px;--awb-border-radius-bottom-right:0px;--awb-border-radius-bottom-left:0px;--awb-padding-top:0px;--awb-padding-right:0px;--awb-padding-bottom:0px;--awb-padding-left:40px;--awb-margin-top:0px;--awb-margin-bottom:0px;--awb-background-color:#0078a4;--awb-flex-wrap:wrap;\" ><div class=\"fusion-builder-row fusion-row fusion-flex-align-items-flex-start fusion-flex-content-wrap\" style=\"max-width:1216.8px;margin-left: calc(-4% \/ 2 );margin-right: calc(-4% \/ 2 );\"><div class=\"fusion-layout-column fusion_builder_column fusion-builder-column-0 fusion_builder_column_1_1 1_1 fusion-flex-column\" style=\"--awb-padding-right:0px;--awb-padding-top-medium:-20px;--awb-bg-size:cover;--awb-width-large:100%;--awb-margin-top-large:15px;--awb-spacing-right-large:1.92%;--awb-margin-bottom-large:15px;--awb-spacing-left-large:1.92%;--awb-width-medium:100%;--awb-margin-top-medium:0;--awb-spacing-right-medium:1.92%;--awb-margin-bottom-medium:0;--awb-spacing-left-medium:1.92%;--awb-width-small:100%;--awb-margin-top-small:0;--awb-spacing-right-small:1.92%;--awb-margin-bottom-small:0;--awb-spacing-left-small:1.92%;\"><div class=\"fusion-column-wrapper fusion-column-has-shadow fusion-flex-justify-content-flex-start fusion-content-layout-column\"><div class=\"fusion-text fusion-text-1\" style=\"--awb-font-size:28px;\"><div style=\"display: flex; align-items: center; justify-content: center; text-align: center; color: #ffffff;\">Werde Teil des Teams.<\/div>\n<\/div><\/div><\/div><\/div><\/div>\n<div class=\"fusion-fullwidth fullwidth-box fusion-builder-row-2 nonhundred-percent-fullwidth non-hundred-percent-height-scrolling\" style=\"--awb-border-sizes-top:0px;--awb-border-sizes-bottom:0px;--awb-border-sizes-left:0px;--awb-border-sizes-right:0px;--awb-border-radius-top-left:0px;--awb-border-radius-top-right:0px;--awb-border-radius-bottom-right:0px;--awb-border-radius-bottom-left:0px;--awb-padding-top:0px;--awb-padding-right:20px;--awb-padding-bottom:55px;--awb-padding-left:20px;--awb-background-image:linear-gradient(144deg, rgba(255,255,255,0) 100%,#d4360f 100%);--awb-flex-wrap:wrap;\" ><div class=\"fusion-builder-row fusion-row\"><div class=\"fusion-layout-column fusion_builder_column fusion-builder-column-1 fusion_builder_column_3_4 3_4 fusion-three-fourth fusion-column-first\" style=\"--awb-padding-top:16px;--awb-padding-right:20px;--awb-padding-bottom:113px;--awb-padding-left:20px;--awb-bg-size:cover;width:75%;width:calc(75% - ( ( 0% ) * 0.75 ) );margin-right: 0%;\"><div class=\"fusion-column-wrapper fusion-column-has-shadow fusion-flex-column-wrapper-legacy\"><div class=\"fusion-text fusion-text-2\"><p>SCHICKLER steht an vorderster Front der Digitalisierung. Wir beraten Medienunternehmen auf dem Weg in die Zukunft. Dabei kombinieren wir unser Know How in Strategie, Organisation und Data Science. Unsere Projekte drehen sich um diese Themen:<\/p>\n<ul>\n<li>Strategien f\u00fcr digitales Wachstum<\/li>\n<li>Moderne und effiziente Organisationen<\/li>\n<li>Innovative Data Science-Anwendungen<\/li>\n<\/ul>\n<p>Unsere Kunden sind Medienunternehmen in Deutschland, \u00d6sterreich und der Schweiz. SCHICKLER z\u00e4hlt als f\u00fchrende Beratung der Branche. Wir wachsen schnell und suchen in Hamburg zur Unterst\u00fctzung f\u00fcr unser Team Dich als:<\/p>\n<\/div><div class=\"fusion-text fusion-text-3\"><h1 class=\"fusion-responsive-typography-calculated\" style=\"--fontsize: 34; line-height: 1.41; --fontSize: 34;\" data-fontsize=\"34\" data-lineheight=\"47.94px\"><span style=\"color: #d4360f;\"><b style=\"color: rgb(0, 120, 164);\">Consultant (m\/w\/d)<\/b><\/span><\/h1>\n<\/div><div class=\"fusion-text fusion-text-4\"><p><strong>Sympathie an erster Stelle!<\/strong><br \/>\nTEAMWORK wird bei uns gro\u00dfgeschrieben! Wir ziehen gemeinsam an einem Strang. Kein Up-or-Out, keine Ellenbogen \u2013 nur SCHICKLER-Spirit. Du bist vom ersten Tag an Mitglied in einem Team aus hochmotivierten, engagierten Beratern und Data Scientists. Mit strategischem Weitblick und analytischem Scharfsinn bringen wir die Gesch\u00e4ftsmodelle unserer Kunden auf ein neues Level. Neben Strategieprojekten \u00fcberzeugen wir auch bei Data Science Projekten. Wir liefern exzellente Ergebnisse, sind fasziniert und neugierig. Gemeinsam im Team entwickeln wir mit unseren Kunden passgenaue und umsetzbare L\u00f6sungen. Und wir arbeiten parallel auf mehreren Projekten. Das bringt Dynamik und Spa\u00df \u2013 von Langeweile ist hier keine Spur.<\/p>\n<\/div><div class=\"fusion-text fusion-text-5\"><p><strong>Du stehst im Fokus!<\/strong><br \/>\nBei SCHICKLER verl\u00e4uft Deine Karriere nicht nach einem vorgeschriebenen Weg, sondern richtet sich nach Deinem Potential, W\u00fcnschen und M\u00f6glichkeiten. Dabei arbeitest Du immer auf Augenh\u00f6he mit den Top-Entscheidern und CEOs. Das erfordert h\u00f6chste Kompetenz und professionellen Umgang im Austausch \u2013 wir f\u00fchren Dich Schritt f\u00fcr Schritt nach oben. Ob neue Gesch\u00e4ftsmodelle oder KI-Anwendungsf\u00e4lle: als SCHICKLER-Berater*in hast Du zu jeder Zeit den h\u00f6chsten Anspruch an Deine eigenen Ergebnisse. Du er\u00f6ffnest unseren Kunden neue Horizonte.<\/p>\n<\/div><div class=\"fusion-text fusion-text-6\"><p><strong>Deshalb passt Du zu uns!<\/strong><br \/>\nOb Du Betriebswirtschaftslehre oder Physik studiert hast \u2013 Dein Studienhintergrund ist f\u00fcr uns nicht ausschlaggebend. Entscheidend sind f\u00fcr uns neben ausgezeichneten Noten Deine Neugierde und Dein Lernhunger. Auch wenn Du vorher schon Erfahrung in anderen Branchen sammeln konntest und die aktuellen Entwicklungen in der Medienbranche genauso spannend findest wie wir, freuen wir uns, Dich kennenzulernen. Du hast eine IT-Affinit\u00e4t oder kommst aus dem Data Engineering? Auch hier freuen wir uns auf Deine Bewerbung! Hauptsache, Du bist analytisch stark, dabei ein echter Teamplayer, kannst auf Menschen zugehen und sie von Deinen Ideen \u00fcberzeugen.<\/p>\n<\/div><div class=\"fusion-text fusion-text-7\"><p>Bist Du neugierig geworden? Dann bewirb Dich unter dem folgenden Button:<\/p>\n<\/div><div class=\"fusion-text fusion-text-8\"><p>.<\/p>\n<\/div><div class=\"fusion-button-wrapper fusion-aligncenter\"><a class=\"fusion-button button-flat fusion-button-default-size button-custom fusion-button-default button-1 fusion-button-default-span fusion-button-default-type\" style=\"--button_accent_color:rgba(255,255,255,.8);--button_accent_hover_color:#ffffff;--button_border_hover_color:#ffffff;--button_border_width-top:0px;--button_border_width-right:0px;--button_border_width-bottom:0px;--button_border_width-left:0px;--button-border-radius-top-left:0px;--button-border-radius-top-right:0px;--button-border-radius-bottom-right:0px;--button-border-radius-bottom-left:0px;--button_gradient_top_color:#0078a4;--button_gradient_bottom_color:#0078a4;--button_gradient_top_color_hover:#d4360f;--button_gradient_bottom_color_hover:#d4360f;--button_text_transform:none;\" target=\"_blank\" rel=\"noopener noreferrer\" href=\"https:\/\/schickler.jobs.personio.de\/job\/758987?display=de#apply\"><span class=\"fusion-button-text awb-button__text awb-button__text--default\">Jetzt bewerben<\/span><\/a><\/div><div class=\"fusion-sep-clear\"><\/div><div class=\"fusion-separator fusion-no-large-visibility fusion-full-width-sep\" style=\"margin-left: auto;margin-right: auto;margin-top:20px;margin-bottom:-px;width:100%;\"><div class=\"fusion-separator-border sep-shadow\" style=\"--awb-height:20px;--awb-amount:20px;background:radial-gradient(ellipse at 50% -50% , #e0dede 0px, rgba(255, 255, 255, 0) 80%) repeat scroll 0 0 rgba(0, 0, 0, 0);background:-webkit-radial-gradient(ellipse at 50% -50% , #e0dede 0px, rgba(255, 255, 255, 0) 80%) repeat scroll 0 0 rgba(0, 0, 0, 0);background:-moz-radial-gradient(ellipse at 50% -50% , #e0dede 0px, rgba(255, 255, 255, 0) 80%) repeat scroll 0 0 rgba(0, 0, 0, 0);background:-o-radial-gradient(ellipse at 50% -50% , #e0dede 0px, rgba(255, 255, 255, 0) 80%) repeat scroll 0 0 rgba(0, 0, 0, 0);\"><\/div><\/div><div class=\"fusion-sep-clear\"><\/div><div class=\"fusion-clearfix\"><\/div><\/div><\/div><div class=\"fusion-layout-column fusion_builder_column fusion-builder-column-2 fusion_builder_column_1_4 1_4 fusion-one-fourth fusion-column-last\" style=\"--awb-padding-top:60px;--awb-padding-bottom:39px;--awb-bg-color:#0078a4;--awb-bg-color-hover:#0078a4;--awb-bg-size:cover;--awb-filter:brightness(101%) contrast(98%);--awb-filter-transition:filter 0.3s ease;--awb-filter-hover:brightness(100%) contrast(100%);--awb-margin-top:20px;width:25%;width:calc(25% - ( ( 0% ) * 0.25 ) );\"><div class=\"fusion-column-wrapper fusion-column-has-shadow fusion-flex-column-wrapper-legacy\"><div class=\"fusion-text fusion-text-9\"><p style=\"text-align: center;\"><span style=\"color: #000000;\"><strong style=\"color: #ffffff;\">Dein Kontakt:<\/strong><\/span><br \/>\n<span style=\"color: #ffffff;\"><br \/>\n<\/span><a href=\"mailto:karriere@schickler.de\"><span style=\"color: #ffffff;\">karriere@schickler.de<\/span><\/a><\/p>\n<\/div><div class=\"fusion-sep-clear\"><\/div><div class=\"fusion-separator\" style=\"margin-left: auto;margin-right: auto;margin-top:20px;margin-bottom:0px;width:100%;max-width:800px;\"><div class=\"fusion-separator-border sep-shadow\" style=\"--awb-height:20px;--awb-amount:20px;--awb-sep-color:#fffcfc;background:radial-gradient(ellipse at 50% -50% , #fffcfc 0px, rgba(255, 255, 255, 0) 80%) repeat scroll 0 0 rgba(0, 0, 0, 0);background:-webkit-radial-gradient(ellipse at 50% -50% , #fffcfc 0px, rgba(255, 255, 255, 0) 80%) repeat scroll 0 0 rgba(0, 0, 0, 0);background:-moz-radial-gradient(ellipse at 50% -50% , #fffcfc 0px, rgba(255, 255, 255, 0) 80%) repeat scroll 0 0 rgba(0, 0, 0, 0);background:-o-radial-gradient(ellipse at 50% -50% , #fffcfc 0px, rgba(255, 255, 255, 0) 80%) repeat scroll 0 0 rgba(0, 0, 0, 0);\"><\/div><\/div><div class=\"fusion-sep-clear\"><\/div><div class=\"fusion-title title fusion-title-1 fusion-sep-none fusion-title-text fusion-title-size-two\" style=\"--awb-text-color:#ffffff;--awb-margin-top:40px;--awb-margin-top-small:0px;--awb-margin-right-small:0px;--awb-margin-bottom-small:20px;--awb-margin-left-small:0px;\"><h2 class=\"fusion-title-heading title-heading-left\" style=\"margin:0;\"><p style=\"text-align: center;\"><strong>Warum Wir?<\/strong><\/p><\/h2><\/div><div class=\"fusion-fa-align-center\"><i class=\"fb-icon-element-1 fb-icon-element fontawesome-icon fa-pagelines fab circle-no\" style=\"--awb-iconcolor-hover:#000000;--awb-font-size:30px;\"><\/i><\/div><div class=\"fusion-text fusion-text-10\"><p style=\"text-align: center;\"><span style=\"color: #000000;\"><strong style=\"color: #ffffff;\">Bewusst und Nachhaltig<\/strong><\/span><\/p>\n<\/div><div class=\"fusion-fa-align-center\"><i class=\"fb-icon-element-2 fb-icon-element fontawesome-icon fa-building fas circle-no\" style=\"--awb-iconcolor:#fcfcfc;--awb-iconcolor-hover:#000000;--awb-font-size:30px;\"><\/i><\/div><div class=\"fusion-text fusion-text-11\"><p style=\"text-align: center;\"><span style=\"color: #ffff;\"><strong>Mitten in Hamburg<\/strong><\/span><\/p>\n<\/div><div class=\"fusion-fa-align-center\"><i class=\"fb-icon-element-3 fb-icon-element fontawesome-icon fa-bicycle fas circle-no\" style=\"--awb-iconcolor-hover:#000000;--awb-font-size:30px;\"><\/i><\/div><div class=\"fusion-text fusion-text-12\"><p style=\"text-align: center;\"><span style=\"color: #000000;\"><strong style=\"color: #ffffff;\">Dienstfahrrad statt <\/strong><\/span><span style=\"color: #000000;\"><strong style=\"color: #ffffff;\">Dienstwagen<\/strong><\/span><\/p>\n<\/div><div class=\"fusion-fa-align-center\"><i class=\"fb-icon-element-4 fb-icon-element fontawesome-icon fa-dog fas circle-no\" style=\"--awb-iconcolor-hover:#000000;--awb-font-size:30px;\"><\/i><\/div><div class=\"fusion-text fusion-text-13\"><p style=\"text-align: center;\"><span style=\"color: #000000;\"><strong style=\"color: #ffffff;\">Hunde sind Willkommen<\/strong><\/span><\/p>\n<\/div><div class=\"fusion-fa-align-center\"><i class=\"fb-icon-element-5 fb-icon-element fontawesome-icon fa-mug-hot fas circle-no\" style=\"--awb-iconcolor-hover:#000000;--awb-font-size:30px;\"><\/i><\/div><div class=\"fusion-text fusion-text-14\"><p style=\"text-align: center;\"><span style=\"color: #000000;\"><strong style=\"color: #ffffff;\">Gro\u00dfe Getr\u00e4nkeauswahl<\/strong><\/span><\/p>\n<\/div><div class=\"fusion-fa-align-center\"><i class=\"fb-icon-element-6 fb-icon-element fontawesome-icon fa-home fas circle-no\" style=\"--awb-iconcolor-hover:#000000;--awb-font-size:30px;\"><\/i><\/div><div class=\"fusion-text fusion-text-15\"><p style=\"text-align: center;\"><span style=\"color: #000000;\"><strong style=\"color: #ffffff;\">Homeoffice<\/strong><\/span><\/p>\n<\/div><div class=\"fusion-fa-align-center\"><i class=\"fb-icon-element-7 fb-icon-element fontawesome-icon fa-accessible-icon fab circle-no\" style=\"--awb-iconcolor-hover:#000000;--awb-font-size:30px;\"><\/i><\/div><div class=\"fusion-text fusion-text-16\"><p style=\"text-align: center;\"><span style=\"color: #000000;\"><strong style=\"color: #ffffff;\">Barrierefrei<\/strong><\/span><\/p>\n<\/div><div class=\"fusion-fa-align-center\"><i class=\"fb-icon-element-8 fb-icon-element fontawesome-icon fa-coins fas circle-no\" style=\"--awb-iconcolor-hover:#000000;--awb-font-size:30px;\"><\/i><\/div><div class=\"fusion-text fusion-text-17\"><p style=\"text-align: center;\"><span style=\"color: #000000;\"><strong style=\"color: #ffffff;\">Company Benefits Programm<\/strong><\/span><\/p>\n<\/div><div class=\"fusion-fa-align-center\"><i class=\"fb-icon-element-9 fb-icon-element fontawesome-icon fa-subway fas circle-no\" style=\"--awb-iconcolor-hover:#000000;--awb-font-size:30px;\"><\/i><\/div><div class=\"fusion-text fusion-text-18\"><p style=\"text-align: center;\"><span style=\"color: #000000;\"><strong style=\"color: #ffffff;\">Deutschlandticket<\/strong><\/span><\/p>\n<\/div><div class=\"fusion-fa-align-center\"><i class=\"fb-icon-element-10 fb-icon-element fontawesome-icon fa-dumbbell fas circle-no\" style=\"--awb-iconcolor-hover:#000000;--awb-font-size:30px;\"><\/i><\/div><div class=\"fusion-text fusion-text-19\"><p style=\"text-align: center;\"><span style=\"color: #000000;\"><strong style=\"color: #ffffff;\">Wellpass<\/strong><\/span><\/p>\n<\/div><div class=\"fusion-builder-row fusion-builder-row-inner fusion-row\"><div class=\"fusion-layout-column fusion_builder_column_inner fusion-builder-nested-column-0 fusion_builder_column_inner_1_3 1_3 fusion-one-third fusion-column-first\" style=\"--awb-bg-size:cover;width:33.333333333333%;width:calc(33.333333333333% - ( ( 4% + 4% ) * 0.33333333333333 ) );margin-right: 4%;\"><div class=\"fusion-column-wrapper fusion-column-has-shadow fusion-flex-column-wrapper-legacy\"><div class=\"fusion-image-element fusion-image-align-center in-legacy-container\" style=\"text-align:center;--awb-margin-top:40px;--awb-max-width:30px;--awb-caption-title-font-family:var(--h2_typography-font-family);--awb-caption-title-font-weight:var(--h2_typography-font-weight);--awb-caption-title-font-style:var(--h2_typography-font-style);--awb-caption-title-size:var(--h2_typography-font-size);--awb-caption-title-transform:var(--h2_typography-text-transform);--awb-caption-title-line-height:var(--h2_typography-line-height);--awb-caption-title-letter-spacing:var(--h2_typography-letter-spacing);\"><div class=\"imageframe-align-center\"><span class=\" fusion-imageframe imageframe-none imageframe-1 hover-type-none\" style=\"border-radius:5px;\"><a class=\"fusion-no-lightbox\" href=\"https:\/\/www.xing.com\/pages\/schicklerunternehmensberatunggmbh\" target=\"_self\" aria-label=\"xing-icon-logo-png-transparent\" rel=\"noopener\"><img decoding=\"async\" width=\"681\" height=\"800\" src=\"https:\/\/www.schickler.de\/karriere\/wp-content\/uploads\/2019\/11\/xing-icon-logo-png-transparent-scaled.png\" data-orig-src=\"https:\/\/www.schickler.de\/karriere\/wp-content\/uploads\/2019\/11\/xing-icon-logo-png-transparent-scaled.png\" alt class=\"lazyload img-responsive wp-image-13716\" srcset=\"data:image\/svg+xml,%3Csvg%20xmlns%3D%27http%3A%2F%2Fwww.w3.org%2F2000%2Fsvg%27%20width%3D%27681%27%20height%3D%27800%27%20viewBox%3D%270%200%20681%20800%27%3E%3Crect%20width%3D%27681%27%20height%3D%27800%27%20fill-opacity%3D%220%22%2F%3E%3C%2Fsvg%3E\" data-srcset=\"https:\/\/www.schickler.de\/karriere\/wp-content\/uploads\/2019\/11\/xing-icon-logo-png-transparent-200x235.png 200w, https:\/\/www.schickler.de\/karriere\/wp-content\/uploads\/2019\/11\/xing-icon-logo-png-transparent-400x470.png 400w, https:\/\/www.schickler.de\/karriere\/wp-content\/uploads\/2019\/11\/xing-icon-logo-png-transparent-600x705.png 600w, https:\/\/www.schickler.de\/karriere\/wp-content\/uploads\/2019\/11\/xing-icon-logo-png-transparent-scaled.png 681w, https:\/\/www.schickler.de\/karriere\/wp-content\/uploads\/2019\/11\/xing-icon-logo-png-transparent-800x940.png 800w, https:\/\/www.schickler.de\/karriere\/wp-content\/uploads\/2019\/11\/xing-icon-logo-png-transparent-1200x1410.png 1200w\" data-sizes=\"auto\" data-orig-sizes=\"(max-width: 1020px) 100vw, 681px\" \/><\/a><\/span><\/div><\/div><div class=\"fusion-clearfix\"><\/div><\/div><\/div><div class=\"fusion-layout-column fusion_builder_column_inner fusion-builder-nested-column-1 fusion_builder_column_inner_1_3 1_3 fusion-one-third\" style=\"--awb-bg-size:cover;width:33.333333333333%;width:calc(33.333333333333% - ( ( 4% + 4% ) * 0.33333333333333 ) );margin-right: 4%;\"><div class=\"fusion-column-wrapper fusion-column-has-shadow fusion-flex-column-wrapper-legacy\"><div class=\"fusion-image-element fusion-image-align-center in-legacy-container\" style=\"text-align:center;--awb-margin-top:40px;--awb-max-width:30px;--awb-caption-title-font-family:var(--h2_typography-font-family);--awb-caption-title-font-weight:var(--h2_typography-font-weight);--awb-caption-title-font-style:var(--h2_typography-font-style);--awb-caption-title-size:var(--h2_typography-font-size);--awb-caption-title-transform:var(--h2_typography-text-transform);--awb-caption-title-line-height:var(--h2_typography-line-height);--awb-caption-title-letter-spacing:var(--h2_typography-letter-spacing);\"><div class=\"imageframe-align-center\"><span class=\" fusion-imageframe imageframe-none imageframe-2 hover-type-none\" style=\"border-radius:5px;\"><a class=\"fusion-no-lightbox\" href=\"https:\/\/de.linkedin.com\/company\/schickler-unternehmensberatung-gmbh\" target=\"_self\" aria-label=\"linkedin\" rel=\"noopener\"><img decoding=\"async\" width=\"400\" height=\"400\" src=\"https:\/\/www.schickler.de\/karriere\/wp-content\/uploads\/2019\/11\/linkedin.png\" data-orig-src=\"https:\/\/www.schickler.de\/karriere\/wp-content\/uploads\/2019\/11\/linkedin.png\" alt class=\"lazyload img-responsive wp-image-13722\" srcset=\"data:image\/svg+xml,%3Csvg%20xmlns%3D%27http%3A%2F%2Fwww.w3.org%2F2000%2Fsvg%27%20width%3D%27400%27%20height%3D%27400%27%20viewBox%3D%270%200%20400%20400%27%3E%3Crect%20width%3D%27400%27%20height%3D%27400%27%20fill-opacity%3D%220%22%2F%3E%3C%2Fsvg%3E\" data-srcset=\"https:\/\/www.schickler.de\/karriere\/wp-content\/uploads\/2019\/11\/linkedin-200x200.png 200w, https:\/\/www.schickler.de\/karriere\/wp-content\/uploads\/2019\/11\/linkedin.png 400w\" data-sizes=\"auto\" data-orig-sizes=\"(max-width: 1020px) 100vw, 400px\" \/><\/a><\/span><\/div><\/div><div class=\"fusion-clearfix\"><\/div><\/div><\/div><div class=\"fusion-layout-column fusion_builder_column_inner fusion-builder-nested-column-2 fusion_builder_column_inner_1_3 1_3 fusion-one-third fusion-column-last\" style=\"--awb-bg-size:cover;width:33.333333333333%;width:calc(33.333333333333% - ( ( 4% + 4% ) * 0.33333333333333 ) );\"><div class=\"fusion-column-wrapper fusion-column-has-shadow fusion-flex-column-wrapper-legacy\"><div class=\"fusion-image-element fusion-image-align-center in-legacy-container\" style=\"text-align:center;--awb-margin-top:40px;--awb-max-width:22px;--awb-caption-title-font-family:var(--h2_typography-font-family);--awb-caption-title-font-weight:var(--h2_typography-font-weight);--awb-caption-title-font-style:var(--h2_typography-font-style);--awb-caption-title-size:var(--h2_typography-font-size);--awb-caption-title-transform:var(--h2_typography-text-transform);--awb-caption-title-line-height:var(--h2_typography-line-height);--awb-caption-title-letter-spacing:var(--h2_typography-letter-spacing);\"><div class=\"imageframe-align-center\"><span class=\" fusion-imageframe imageframe-none imageframe-3 hover-type-none\" style=\"border-radius:5px;\"><a class=\"fusion-no-lightbox\" href=\"https:\/\/www.schickler.de\/\" target=\"_self\" aria-label=\"Schickler Icon\"><img decoding=\"async\" width=\"72\" height=\"111\" alt=\"Schickler Icon\" src=\"data:image\/svg+xml,%3Csvg%20xmlns%3D%27http%3A%2F%2Fwww.w3.org%2F2000%2Fsvg%27%20width%3D%2772%27%20height%3D%27111%27%20viewBox%3D%270%200%2072%20111%27%3E%3Crect%20width%3D%2772%27%20height%3D%27111%27%20fill-opacity%3D%220%22%2F%3E%3C%2Fsvg%3E\" data-orig-src=\"https:\/\/www.schickler.de\/karriere\/wp-content\/uploads\/2018\/07\/s-icon-v1.png\" class=\"lazyload img-responsive wp-image-13254\"\/><\/a><\/span><\/div><\/div><div class=\"fusion-clearfix\"><\/div><\/div><\/div><\/div><div class=\"fusion-clearfix\"><\/div><\/div><\/div>\n<\/div><\/div><\/p>\n","protected":false},"excerpt":{"rendered":"","protected":false},"author":1,"featured_media":0,"parent":0,"menu_order":0,"comment_status":"closed","ping_status":"closed","template":"100-width.php","meta":{"footnotes":""},"class_list":["post-13886","page","type-page","status-publish","hentry"],"_links":{"self":[{"href":"https:\/\/www.schickler.de\/karriere\/index.php\/wp-json\/wp\/v2\/pages\/13886","targetHints":{"allow":["GET"]}}],"collection":[{"href":"https:\/\/www.schickler.de\/karriere\/index.php\/wp-json\/wp\/v2\/pages"}],"about":[{"href":"https:\/\/www.schickler.de\/karriere\/index.php\/wp-json\/wp\/v2\/types\/page"}],"author":[{"embeddable":true,"href":"https:\/\/www.schickler.de\/karriere\/index.php\/wp-json\/wp\/v2\/users\/1"}],"replies":[{"embeddable":true,"href":"https:\/\/www.schickler.de\/karriere\/index.php\/wp-json\/wp\/v2\/comments?post=13886"}],"version-history":[{"count":73,"href":"https:\/\/www.schickler.de\/karriere\/index.php\/wp-json\/wp\/v2\/pages\/13886\/revisions"}],"predecessor-version":[{"id":15401,"href":"https:\/\/www.schickler.de\/karriere\/index.php\/wp-json\/wp\/v2\/pages\/13886\/revisions\/15401"}],"wp:attachment":[{"href":"https:\/\/www.schickler.de\/karriere\/index.php\/wp-json\/wp\/v2\/media?parent=13886"}],"curies":[{"name":"wp","href":"https:\/\/api.w.org\/{rel}","templated":true}]}}